{"id":28352,"date":"2024-08-01T14:38:18","date_gmt":"2024-08-01T11:38:18","guid":{"rendered":"https:\/\/eshop.floraplant.gr\/product\/%cf%80%ce%b9%ce%b8%ce%b1%cf%81%ce%b9%ce%b1-%ce%ba%ce%b1%cf%83%cf%80%cf%89-%ce%ba%ce%b1%cf%86%ce%b5-%ce%b1%ce%bd%cf%84%ce%b9%ce%ba%ce%b5-%ce%b3%cf%85%ce%b1%ce%bb%ce%b9%cf%83%cf%84%ce%b5%cf%81%ce%bf\/"},"modified":"2024-08-01T14:38:31","modified_gmt":"2024-08-01T11:38:31","slug":"%cf%80%ce%b9%ce%b8%ce%b1%cf%81%ce%b9%ce%b1-%ce%ba%ce%b1%cf%83%cf%80%cf%89-%ce%ba%ce%b1%cf%86%ce%b5-%ce%b1%ce%bd%cf%84%ce%b9%ce%ba%ce%b5-%ce%b3%cf%85%ce%b1%ce%bb%ce%b9%cf%83%cf%84%ce%b5%cf%81%ce%bf","status":"publish","type":"product","link":"https:\/\/eshop.floraplant.gr\/en\/%cf%80%ce%b9%ce%b8%ce%b1%cf%81%ce%b9%ce%b1-%ce%ba%ce%b1%cf%83%cf%80%cf%89-%ce%ba%ce%b1%cf%86%ce%b5-%ce%b1%ce%bd%cf%84%ce%b9%ce%ba%ce%b5-%ce%b3%cf%85%ce%b1%ce%bb%ce%b9%cf%83%cf%84%ce%b5%cf%81%ce%bf\/","title":{"rendered":"PITTERY-COFFEE COFFEE BUTTERY STYLISH SET\/4 ROUND WHITE XL:47\u00d742, L:37\u00d733, M:33\u00d728, S:26x25cm 6\/PLAY"},"content":{"rendered":"<p>\u03a0\u0399\u0398\u0391\u03a1\u0399A-KA\u03a3\u03a0\u03a9 \u03a3\u0395\u03a4\/4 \u03a3\u03a4\u03a1\u039f\u0393\u0393\u03a5\u039b\u0391<br \/>\n&#8211; \u03a7\u03a1\u03a9\u039c\u0391: \u039a\u0391\u03a6\u0395 \u0391\u039d\u03a4\u0399\u039a\u0395 \u0393\u03a5\u0391\u039b\u0399\u03a3\u03a4\u0395\u03a1\u039f<br \/>\n- DESIGN.<br \/>\n&#8211; \u0394\u0399\u0391\u03a3\u03a4\u0391\u03a3\u0395\u0399\u03a3: XL:\u03a647&#215;42, L:\u03a637&#215;33, M:\u03a633&#215;28, S:\u03a626x25cm<br \/>\n&#8211; \u03a0\u0391\u039b\u0395\u03a4\u0391: 6 \u03a4\u0395\u039c.  <\/p>\n<p>SET\/4 ROUND LARGE VASES-POTS<br \/>\n&#8211; COLOR: ANTIQUE BROWN GLOSSY<br \/>\n- DESIGN: BOWL<br \/>\n&#8211; DIMENSIONS: XL:\u03a647&#215;42, L:\u03a637&#215;33, M:\u03a633&#215;28, S:\u03a626x25cm<br \/>\n&#8211; PALLET: 6 PCS<\/p>","protected":false},"excerpt":{"rendered":"<p>Availability: On request<\/p>","protected":false},"featured_media":28354,"template":"","meta":[],"product_brand":[],"product_cat":[343],"product_tag":[],"class_list":{"0":"post-28352","1":"product","2":"type-product","3":"status-publish","4":"has-post-thumbnail","6":"product_cat-pilines-glastres-pitharia","8":"first","9":"instock","10":"purchasable","11":"product-type-simple"},"_links":{"self":[{"href":"https:\/\/eshop.floraplant.gr\/en\/wp-json\/wp\/v2\/product\/28352","targetHints":{"allow":["GET"]}}],"collection":[{"href":"https:\/\/eshop.floraplant.gr\/en\/wp-json\/wp\/v2\/product"}],"about":[{"href":"https:\/\/eshop.floraplant.gr\/en\/wp-json\/wp\/v2\/types\/product"}],"wp:featuredmedia":[{"embeddable":true,"href":"https:\/\/eshop.floraplant.gr\/en\/wp-json\/wp\/v2\/media\/28354"}],"wp:attachment":[{"href":"https:\/\/eshop.floraplant.gr\/en\/wp-json\/wp\/v2\/media?parent=28352"}],"wp:term":[{"taxonomy":"product_brand","embeddable":true,"href":"https:\/\/eshop.floraplant.gr\/en\/wp-json\/wp\/v2\/product_brand?post=28352"},{"taxonomy":"product_cat","embeddable":true,"href":"https:\/\/eshop.floraplant.gr\/en\/wp-json\/wp\/v2\/product_cat?post=28352"},{"taxonomy":"product_tag","embeddable":true,"href":"https:\/\/eshop.floraplant.gr\/en\/wp-json\/wp\/v2\/product_tag?post=28352"}],"curies":[{"name":"wp","href":"https:\/\/api.w.org\/{rel}","templated":true}]}}