{"id":36569,"date":"2026-03-08T21:18:35","date_gmt":"2026-03-08T19:18:35","guid":{"rendered":"https:\/\/eshop.floraplant.gr\/xylini-pergkola-me-dipli-tavla\/"},"modified":"2026-03-08T21:18:57","modified_gmt":"2026-03-08T19:18:57","slug":"xylini-pergkola-me-dipli-tavla","status":"publish","type":"product","link":"https:\/\/eshop.floraplant.gr\/en\/xylini-pergkola-me-dipli-tavla\/","title":{"rendered":"\u039e\u03cd\u03bb\u03b9\u03bd\u03b7 \u03c0\u03ad\u03c1\u03b3\u03ba\u03bf\u03bb\u03b1 \u03bc\u03b5 \u03b4\u03b9\u03c0\u03bb\u03ae \u03c4\u03ac\u03b2\u03bb\u03b1"},"content":{"rendered":"<div class=\"OutlineElement Ltr SCXW163611088 BCX0\" style=\"margin:0px;padding:0px;clear:both;font-family:'Segoe UI', 'Segoe UI Web', Arial, Verdana, sans-serif;font-size:12px;background-color:#ffffff;\">\n<p style=\"font-family:Verdana, Arial, Helvetica, sans-serif;font-size:11px;\"><strong>CHARACTERISTICS OF PERGOLA<\/strong><\/p>\n<p style=\"font-family:Verdana, Arial, Helvetica, sans-serif;font-size:11px;\"><strong>The timber (cross-sections in the beams and columns) we use for the pergolas are detailed in the specifications below:<\/strong><\/p>\n<p style=\"font-family:Verdana, Arial, Helvetica, sans-serif;font-size:11px;\"><strong>Pergolas 300\u00d7300cm.<\/strong>Support columns 10\u00d710cm., Central beams 6\u00d712cm., Trusses (parallel beams) 4,5\u00d712cm., Struts (only in stand-alone pergola) 4,5\u00d79,5cm.<br \/><strong>Pergolas 300\u00d7400cm<\/strong>. Support columns 12\u00d712cm., Central beams 6X12cm., Trusses (parallel beams) 4,5\u00d712cm., Struts (only in stand-alone pergola) 4,5\u00d79,5cm, \u00a0<br \/><strong>Pergolas 400\u00d7400cm<\/strong>.Support columns 12\u00d712cm., Central beams 6\u00d714cm., Trusses (parallel beams) 6\u00d714cm., Struts (only in stand-alone pergola) 4,5\u00d79,5cm, \u00a0<br \/><strong>PEGGONS 300\u00d7500cm.<\/strong>\u00a0Support columns 12\u00d712cm, Central beams 8\u00d716cm, Trusses (parallel beams) 4,5\u00d712cm, Struts (only in stand-alone pergola) 4,5\u00d79,5cm<br \/><strong>PEGGONS 400\u00d7500cm.<\/strong>Support columns 12\u00d712cm, Central beams 8\u00d716cm, Trusses (parallel beams) 6\u00d712cm, Struts (only in stand-alone pergola) 4,5\u00d79,5cm<br \/><strong>PEGGONS 400\u00d7600cm.<\/strong>Support columns 12X12cm., Central beams 8\u00d716cm., Trusses (parallel beams) 6\u00d712cm., Struts (only in stand-alone pergola) 4,5\u00d79,5cm.<br \/>\u00a0<\/p>\n<p style=\"font-family:Verdana, Arial, Helvetica, sans-serif;font-size:11px;\">\n<p style=\"font-family:Verdana, Arial, Helvetica, sans-serif;font-size:11px;\"><strong>Included in the price:<\/strong><\/p>\n<ul>\n<li>Included are 12cm wide boards.\u00a0<\/li>\n<li>The cost of the timber materials for the construction of the pergola shown.<\/li>\n<li>Metal components<a href=\"https:\/\/showood.gr\/products\/vaseis_xylou\/post_support\/61335\/%CE%92%CE%AC%CF%83%CE%B7_%CE%9E%CF%8D%CE%BB%CE%BF%CF%85_%CE%A0\" target=\"_blank\" rel=\"noopener\">\u00a0Bases 'P'<\/a>\u00a0.<\/li>\n<li>Torx, twist, oops screws (depending on the cross-section of the column).<\/li>\n<li>For the pergola supported on a wall, the corresponding trusses.<\/li>\n<\/ul>\n<p style=\"font-family:Verdana, Arial, Helvetica, sans-serif;font-size:11px;\"><strong>The price does not include :<\/strong><\/p>\n<ul style=\"font-family:Verdana, Arial, Helvetica, sans-serif;font-size:11px;\">\n<li>The painting of the timber (if you wish to paint, please contact us).<\/li>\n<li>Assembly drawing.<\/li>\n<li>Special cuts, modifications, or customized items (pre-punching, standardization, routing, trimming, finishing, feminizing, routing at points, ...etc.) are not included.<\/li>\n<li>The assembly of the pergola at the customer's site is not included.<\/li>\n<\/ul>\n<p style=\"font-family:Verdana, Arial, Helvetica, sans-serif;font-size:11px;\"><strong>WHY CHOOSE THE SHOWOOD PERGOLA<\/strong><\/p>\n<ul style=\"font-family:Verdana, Arial, Helvetica, sans-serif;font-size:11px;\">\n<li>The timber used for the construction of the wooden pergola is planed and impregnated pine wood (<a href=\"https:\/\/showood.gr\/empotismos\" target=\"_blank\" rel=\"noopener\">impregnated in vacuum under pressure<\/a>), of Finnish origin.\u00a0\u00a0<\/li>\n<li>The timber has all the necessary\u00a0<a href=\"https:\/\/showood.gr\/content\/ecology.html\" target=\"_blank\" rel=\"noopener\">certificates\u00a0<\/a>(ecological impregnation, production, origin) as it is imported from the largest and most modern European factories.<\/li>\n<li>The metal elements (bases) are hot-dip galvanized, the screws (screws, oops, washers) are of Italian origin, of excellent quality.<\/li>\n<\/ul>\n<p style=\"font-family:Verdana, Arial, Helvetica, sans-serif;font-size:11px;\">The above dimensions are indicative.<br \/>\u00a0<br \/>At\u00a0<strong>SHOWOOD<\/strong>\u00a0you will find all the\u00a0<a href=\"https:\/\/showood.gr\/products\/treated_pine_wood\/\" target=\"_blank\" rel=\"noopener\">cross-sections of impregnated wood<\/a>, the metal parts as well as the shading materials to create your own unique pergola.<\/p>\n<\/div>\n<div class=\"OutlineElement Ltr SCXW163611088 BCX0\" style=\"margin:0px;padding:0px;clear:both;font-family:'Segoe UI', 'Segoe UI Web', Arial, Verdana, sans-serif;font-size:12px;background-color:#ffffff;\">\n<p class=\"Paragraph SCXW163611088 BCX0\" style=\"margin:0px;padding:0px;white-space:pre-wrap;vertical-align:baseline;\"><span xml_lang=\"el-gr\" lang=\"el-gr\" class=\"TextRun SCXW163611088 BCX0\" style=\"margin:0px;padding:0px;color:#4d4d4d;font-size:12pt;line-height:18px;font-family:Arial, 'Arial_EmbeddedFont', 'Arial_MSFontService', sans-serif;\"><span class=\"NormalTextRun SCXW163611088 BCX0\" style=\"margin:0px;padding:0px;\"><\/span><\/span><span class=\"EOP SCXW163611088 BCX0\" style=\"margin:0px;padding:0px;font-size:12pt;line-height:18px;font-family:Arial, 'Arial_EmbeddedFont', 'Arial_MSFontService', sans-serif;color:#4d4d4d;\">\u00a0<\/span><\/p>\n<\/div>","protected":false},"excerpt":{"rendered":"<p>\u0386\u03bc\u03b5\u03c3\u03b7 \u03c0\u03b1\u03c1\u03b1\u03bb\u03b1\u03b2\u03ae \/ \u03a0\u03b1\u03c1\u03ac\u03b4\u03bf\u03c3\u03b7 1 \u03ad\u03c9\u03c2 10 \u03b7\u03bc\u03ad\u03c1\u03b5\u03c2<\/p>","protected":false},"featured_media":36571,"template":"","meta":[],"product_brand":[],"product_cat":[145],"product_tag":[],"class_list":{"0":"post-36569","1":"product","2":"type-product","3":"status-publish","4":"has-post-thumbnail","6":"product_cat-xylines-pergkoles","7":"pa_diastasi-chroma-300-x-300ek","8":"pa_diastasi-chroma-300-x-400ek","9":"pa_diastasi-chroma-300-x-500ek","10":"pa_diastasi-chroma-400-x-400ek","11":"pa_diastasi-chroma-400-x-500ek","12":"pa_diastasi-chroma-400-x-600ek","14":"first","15":"instock","16":"purchasable","17":"product-type-variable"},"_links":{"self":[{"href":"https:\/\/eshop.floraplant.gr\/en\/wp-json\/wp\/v2\/product\/36569","targetHints":{"allow":["GET"]}}],"collection":[{"href":"https:\/\/eshop.floraplant.gr\/en\/wp-json\/wp\/v2\/product"}],"about":[{"href":"https:\/\/eshop.floraplant.gr\/en\/wp-json\/wp\/v2\/types\/product"}],"wp:featuredmedia":[{"embeddable":true,"href":"https:\/\/eshop.floraplant.gr\/en\/wp-json\/wp\/v2\/media\/36571"}],"wp:attachment":[{"href":"https:\/\/eshop.floraplant.gr\/en\/wp-json\/wp\/v2\/media?parent=36569"}],"wp:term":[{"taxonomy":"product_brand","embeddable":true,"href":"https:\/\/eshop.floraplant.gr\/en\/wp-json\/wp\/v2\/product_brand?post=36569"},{"taxonomy":"product_cat","embeddable":true,"href":"https:\/\/eshop.floraplant.gr\/en\/wp-json\/wp\/v2\/product_cat?post=36569"},{"taxonomy":"product_tag","embeddable":true,"href":"https:\/\/eshop.floraplant.gr\/en\/wp-json\/wp\/v2\/product_tag?post=36569"}],"curies":[{"name":"wp","href":"https:\/\/api.w.org\/{rel}","templated":true}]}}