{"id":39419,"date":"2026-03-08T21:41:49","date_gmt":"2026-03-08T19:41:49","guid":{"rendered":"https:\/\/eshop.floraplant.gr\/xylino-periptero-kioski-polisis-240-x-180ek\/"},"modified":"2026-03-08T21:41:56","modified_gmt":"2026-03-08T19:41:56","slug":"xylino-periptero-kioski-polisis-240-x-180ek","status":"publish","type":"product","link":"https:\/\/eshop.floraplant.gr\/en\/xylino-periptero-kioski-polisis-240-x-180ek\/","title":{"rendered":"\u039e\u03cd\u03bb\u03b9\u03bd\u03bf \u03a0\u03b5\u03c1\u03af\u03c0\u03c4\u03b5\u03c1\u03bf \u2013 \u039a\u03b9\u03cc\u03c3\u03ba\u03b9 \u03a0\u03ce\u03bb\u03b7\u03c3\u03b7\u03c2 240 \u00d7 180\u03b5\u03ba."},"content":{"rendered":"<p>\u03a4\u03bf \u03be\u03cd\u03bb\u03b9\u03bd\u03bf \u03c0\u03b5\u03c1\u03af\u03c0\u03c4\u03b5\u03c1\u03bf \u2013 \u03ba\u03b9\u03cc\u03c3\u03ba\u03b9 \u03c0\u03ce\u03bb\u03b7\u03c3\u03b7\u03c2 \u03c4\u03b7\u03c2 <strong>SHOWOOD<\/strong> \u03bc\u03b5 \u03b4\u03b9\u03b1\u03c3\u03c4\u03ac\u03c3\u03b5\u03b9\u03c2 <strong>240 \u00d7 180 \u03b5\u03ba.<\/strong> \u03ba\u03b1\u03b9 \u03b5\u03c0\u03b9\u03c6\u03ac\u03bd\u03b5\u03b9\u03b1 <strong>4,32 m\u00b2<\/strong> \u03b1\u03c0\u03bf\u03c4\u03b5\u03bb\u03b5\u03af \u03c4\u03b7\u03bd \u03b9\u03b4\u03b1\u03bd\u03b9\u03ba\u03ae \u03bb\u03cd\u03c3\u03b7 \u03b3\u03b9\u03b1 \u03b5\u03bc\u03c0\u03bf\u03c1\u03b9\u03ba\u03ad\u03c2 \u03ba\u03b1\u03b9 \u03b5\u03ba\u03b8\u03b5\u03c3\u03b9\u03b1\u03ba\u03ad\u03c2 \u03c7\u03c1\u03ae\u03c3\u03b5\u03b9\u03c2 \u03c3\u03b5 \u03b5\u03be\u03c9\u03c4\u03b5\u03c1\u03b9\u03ba\u03bf\u03cd\u03c2 \u03c7\u03ce\u03c1\u03bf\u03c5\u03c2.<\/p>\n<p>\u03a7\u03ac\u03c1\u03b7 \u03c3\u03c4\u03bf \u03ba\u03bf\u03bc\u03c8\u03cc \u03ba\u03b1\u03b9 \u03bb\u03b5\u03b9\u03c4\u03bf\u03c5\u03c1\u03b3\u03b9\u03ba\u03cc design, \u03bc\u03c0\u03bf\u03c1\u03b5\u03af \u03bd\u03b1 \u03c7\u03c1\u03b7\u03c3\u03b9\u03bc\u03bf\u03c0\u03bf\u03b9\u03b7\u03b8\u03b5\u03af:<\/p>\n<ul>\n<li>\n<p>\u03c9\u03c2 <strong>\u03c7\u03c1\u03b9\u03c3\u03c4\u03bf\u03c5\u03b3\u03b5\u03bd\u03bd\u03b9\u03ac\u03c4\u03b9\u03ba\u03bf \u03c0\u03b5\u03c1\u03af\u03c0\u03c4\u03b5\u03c1\u03bf<\/strong> \u03c3\u03b5 \u03b5\u03bf\u03c1\u03c4\u03b1\u03c3\u03c4\u03b9\u03ba\u03ad\u03c2 \u03b1\u03b3\u03bf\u03c1\u03ad\u03c2,<\/p>\n<\/li>\n<li>\n<p>\u03c9\u03c2 <strong>\u03ba\u03b9\u03cc\u03c3\u03ba\u03b9 \u03c0\u03c1\u03bf\u03b2\u03bf\u03bb\u03ae\u03c2<\/strong> \u03c3\u03b5 \u03b5\u03ba\u03b8\u03ad\u03c3\u03b5\u03b9\u03c2 \u03ba\u03b1\u03b9 \u03c5\u03c0\u03b1\u03af\u03b8\u03c1\u03b9\u03b5\u03c2 \u03b5\u03ba\u03b4\u03b7\u03bb\u03ce\u03c3\u03b5\u03b9\u03c2,<\/p>\n<\/li>\n<li>\n<p>\u03c9\u03c2 <strong>\u03c0\u03ac\u03b3\u03ba\u03bf\u03c2 \u03c0\u03ce\u03bb\u03b7\u03c3\u03b7\u03c2 \u03c4\u03bf\u03c0\u03b9\u03ba\u03ce\u03bd \u03c0\u03c1\u03bf\u03ca\u03cc\u03bd\u03c4\u03c9\u03bd<\/strong>,<\/p>\n<\/li>\n<li>\n<p>\u03ae \u03b1\u03ba\u03cc\u03bc\u03b1 \u03ba\u03b1\u03b9 \u03c9\u03c2 <strong>\u03ba\u03b1\u03bd\u03c4\u03af\u03bd\u03b1<\/strong> \u03c3\u03b5 \u03c6\u03b5\u03c3\u03c4\u03b9\u03b2\u03ac\u03bb, beach bars \u03ba\u03b1\u03b9 \u03c5\u03c0\u03b1\u03af\u03b8\u03c1\u03b9\u03b5\u03c2 \u03b4\u03b9\u03bf\u03c1\u03b3\u03b1\u03bd\u03ce\u03c3\u03b5\u03b9\u03c2.<\/p>\n<\/li>\n<\/ul>\n<p>\u0397 \u03ba\u03b1\u03c4\u03b1\u03c3\u03ba\u03b5\u03c5\u03ae \u03b1\u03c0\u03cc <strong>\u03b5\u03bc\u03c0\u03bf\u03c4\u03b9\u03c3\u03bc\u03ad\u03bd\u03b7 \u03c0\u03b5\u03cd\u03ba\u03b7 \u0392\u03cc\u03c1\u03b5\u03b9\u03b1\u03c2 \u0395\u03c5\u03c1\u03ce\u03c0\u03b7\u03c2<\/strong> \u03c0\u03c1\u03bf\u03c3\u03c6\u03ad\u03c1\u03b5\u03b9 \u03b5\u03be\u03b1\u03b9\u03c1\u03b5\u03c4\u03b9\u03ba\u03ae \u03b1\u03bd\u03c4\u03bf\u03c7\u03ae \u03c3\u03c4\u03bf\u03bd \u03c7\u03c1\u03cc\u03bd\u03bf \u03ba\u03b1\u03b9 \u03c3\u03c4\u03b9\u03c2 \u03ba\u03b1\u03b9\u03c1\u03b9\u03ba\u03ad\u03c2 \u03c3\u03c5\u03bd\u03b8\u03ae\u03ba\u03b5\u03c2. \u03a4\u03bf \u03c0\u03b5\u03c1\u03af\u03c0\u03c4\u03b5\u03c1\u03bf \u03c0\u03b1\u03c1\u03b1\u03b4\u03af\u03b4\u03b5\u03c4\u03b1\u03b9 \u03c3\u03b5 \u03c0\u03c1\u03bf\u03ba\u03b1\u03c4\u03b1\u03c3\u03ba\u03b5\u03c5\u03b1\u03c3\u03bc\u03ad\u03bd\u03b1 \u03c4\u03bc\u03ae\u03bc\u03b1\u03c4\u03b1 (\u03c0\u03bb\u03b5\u03c5\u03c1\u03ad\u03c2, \u03c0\u03ac\u03c4\u03c9\u03bc\u03b1, \u03c3\u03c4\u03ad\u03b3\u03b7, \u03c0\u03cc\u03c1\u03c4\u03b1) \u03c3\u03b5 \u03c0\u03b1\u03bb\u03ad\u03c4\u03b1, \u03bc\u03b5 \u03cc\u03bb\u03b1 \u03c4\u03b1 \u03bc\u03b5\u03c4\u03b1\u03bb\u03bb\u03b9\u03ba\u03ac \u03b5\u03be\u03b1\u03c1\u03c4\u03ae\u03bc\u03b1\u03c4\u03b1 \u03c3\u03c5\u03bd\u03b1\u03c1\u03bc\u03bf\u03bb\u03cc\u03b3\u03b7\u03c3\u03b7\u03c2 (\u03b2\u03af\u03b4\u03b5\u03c2, \u03ba\u03b1\u03c1\u03c6\u03b9\u03ac, \u03bc\u03b5\u03bd\u03c4\u03b5\u03c3\u03ad\u03b4\u03b5\u03c2, \u03c3\u03cd\u03c1\u03c4\u03b7\u03c2).<\/p>\n<p>  <em>\u039a\u03b1\u03c4\u03cc\u03c0\u03b9\u03bd \u03b1\u03c0\u03b1\u03b9\u03c4\u03ae\u03c3\u03b5\u03c9\u03c2, \u03bc\u03c0\u03bf\u03c1\u03b5\u03af \u03bd\u03b1 \u03c0\u03b1\u03c1\u03b1\u03b4\u03bf\u03b8\u03b5\u03af \u03ba\u03b1\u03b9 \u03b2\u03b1\u03bc\u03bc\u03ad\u03bd\u03bf \u03c3\u03b5 \u03c7\u03c1\u03ce\u03bc\u03b1 \u03c0\u03bf\u03c5 \u03c4\u03b1\u03b9\u03c1\u03b9\u03ac\u03b6\u03b5\u03b9 \u03bc\u03b5 \u03c4\u03bf\u03bd \u03c7\u03ce\u03c1\u03bf \u03c3\u03b1\u03c2.<\/em><\/p>\n<hr \/>\n<h2>\u2705 \u03a4\u03b5\u03c7\u03bd\u03b9\u03ba\u03ac \u03a7\u03b1\u03c1\u03b1\u03ba\u03c4\u03b7\u03c1\u03b9\u03c3\u03c4\u03b9\u03ba\u03ac<\/h2>\n<\/p>\n<ul>\n<li>\n<p>\u03a5\u03bb\u03b9\u03ba\u03cc: <strong>\u0395\u03bc\u03c0\u03bf\u03c4\u03b9\u03c3\u03bc\u03ad\u03bd\u03b7 \u03c0\u03b5\u03cd\u03ba\u03b7 \u0392\u03cc\u03c1\u03b5\u03b9\u03b1\u03c2 \u0395\u03c5\u03c1\u03ce\u03c0\u03b7\u03c2<\/strong><\/p>\n<\/li>\n<li>\n<p>Wall thickness: <strong>16 mm<\/strong><\/p>\n<\/li>\n<li>\n<p>Masonry dimensions: <strong>240 \u00d7 180 \u03b5\u03ba.<\/strong><\/p>\n<\/li>\n<li>\n<p>\u03a3\u03c5\u03bd\u03bf\u03bb\u03b9\u03ba\u03ac \u03c4.\u03bc.: <strong>4,32 m\u00b2<\/strong><\/p>\n<\/li>\n<li>\n<p>Top height: <strong>230 \u03b5\u03ba.<\/strong><\/p>\n<\/li>\n<li>\n<p>Height of the side wall: <strong>186 \u03b5\u03ba.<\/strong><\/p>\n<\/li>\n<li>\n<p>Roof extension: <strong>55 \u03b5\u03ba. (8 \u03b5\u03ba. \u03c0\u03b5\u03c1\u03b9\u03bc\u03b5\u03c4\u03c1\u03b9\u03ba\u03ac)<\/strong><\/p>\n<\/li>\n<li>\n<p>Door: <strong>1 \u00d7 180 \u00d7 86 \u03b5\u03ba.<\/strong><\/p>\n<\/li>\n<li>\n<p>Windows: <strong>2 \u03b1\u03bd\u03bf\u03b9\u03b3\u03cc\u03bc\u03b5\u03bd\u03b1 108 \u00d7 82 \u03b5\u03ba.<\/strong><\/p>\n<\/li>\n<li>\n<p>Pallet: <strong>1 \u00d7 120 \u00d7 240 \u00d7 70 \u03b5\u03ba.<\/strong><\/p>\n<\/li>\n<li>\n<p>\u0392\u03ac\u03c1\u03bf\u03c2: <strong>250 kg<\/strong><\/p>\n<\/li>\n<li>\n<p>The price includes:<\/p>\n<ul>\n<li>\n<p>\u0395\u03c3\u03c9\u03c4\u03b5\u03c1\u03b9\u03ba\u03cc \u03c0\u03ac\u03c4\u03c9\u03bc\u03b1<\/p>\n<\/li>\n<li>\n<p>\u0391\u03c3\u03c6\u03b1\u03bb\u03c4\u03b9\u03ba\u03cc \u03ba\u03b5\u03c1\u03b1\u03bc\u03af\u03b4\u03b9 \u03c1\u03bf\u03bb\u03cc<\/p>\n<\/li>\n<li>\n<p>\u039c\u03b5\u03c4\u03b1\u03bb\u03bb\u03b9\u03ba\u03ac \u03c3\u03c4\u03bf\u03b9\u03c7\u03b5\u03af\u03b1 \u03c3\u03c5\u03bd\u03b1\u03c1\u03bc\u03bf\u03bb\u03cc\u03b3\u03b7\u03c3\u03b7\u03c2 (\u03b2\u03af\u03b4\u03b5\u03c2, \u03ba\u03b1\u03c1\u03c6\u03b9\u03ac, \u03bc\u03b5\u03bd\u03c4\u03b5\u03c3\u03ad\u03b4\u03b5\u03c2, \u03c3\u03cd\u03c1\u03c4\u03b7\u03c2)<\/p>\n<\/li>\n<\/ul>\n<\/li>\n<li>\n<p>\u0395\u03c0\u03b9\u03c0\u03bb\u03ad\u03bf\u03bd:<\/p>\n<ul>\n<li>\n<p><em>\u0394\u03c5\u03bd\u03b1\u03c4\u03cc\u03c4\u03b7\u03c4\u03b1 \u03b2\u03b1\u03c6\u03ae\u03c2 \u03ba\u03b1\u03c4\u03cc\u03c0\u03b9\u03bd \u03b1\u03c0\u03b1\u03b9\u03c4\u03ae\u03c3\u03b5\u03c9\u03c2<\/em><\/p>\n<\/li>\n<\/ul>\n<\/li>\n<\/ul>","protected":false},"excerpt":{"rendered":"<p>\u0386\u03bc\u03b5\u03c3\u03b7 \u03c0\u03b1\u03c1\u03b1\u03bb\u03b1\u03b2\u03ae \/ \u03a0\u03b1\u03c1\u03ac\u03b4\u03bf\u03c3\u03b7 1 \u03ad\u03c9\u03c2 10 \u03b7\u03bc\u03ad\u03c1\u03b5\u03c2<\/p>","protected":false},"featured_media":39421,"template":"","meta":[],"product_brand":[],"product_cat":[1170],"product_tag":[],"class_list":{"0":"post-39419","1":"product","2":"type-product","3":"status-publish","4":"has-post-thumbnail","6":"product_cat-xylina-spitia-apothikes-kipoy","8":"first","9":"instock","10":"purchasable","11":"product-type-simple"},"_links":{"self":[{"href":"https:\/\/eshop.floraplant.gr\/en\/wp-json\/wp\/v2\/product\/39419","targetHints":{"allow":["GET"]}}],"collection":[{"href":"https:\/\/eshop.floraplant.gr\/en\/wp-json\/wp\/v2\/product"}],"about":[{"href":"https:\/\/eshop.floraplant.gr\/en\/wp-json\/wp\/v2\/types\/product"}],"wp:featuredmedia":[{"embeddable":true,"href":"https:\/\/eshop.floraplant.gr\/en\/wp-json\/wp\/v2\/media\/39421"}],"wp:attachment":[{"href":"https:\/\/eshop.floraplant.gr\/en\/wp-json\/wp\/v2\/media?parent=39419"}],"wp:term":[{"taxonomy":"product_brand","embeddable":true,"href":"https:\/\/eshop.floraplant.gr\/en\/wp-json\/wp\/v2\/product_brand?post=39419"},{"taxonomy":"product_cat","embeddable":true,"href":"https:\/\/eshop.floraplant.gr\/en\/wp-json\/wp\/v2\/product_cat?post=39419"},{"taxonomy":"product_tag","embeddable":true,"href":"https:\/\/eshop.floraplant.gr\/en\/wp-json\/wp\/v2\/product_tag?post=39419"}],"curies":[{"name":"wp","href":"https:\/\/api.w.org\/{rel}","templated":true}]}}