{"id":40165,"date":"2026-03-08T21:47:05","date_gmt":"2026-03-08T19:47:05","guid":{"rendered":"https:\/\/eshop.floraplant.gr\/xylinos-frachtis-se-rolo-o45-x-30-x-180-ek-roll-border-kipoy\/"},"modified":"2026-03-08T21:47:24","modified_gmt":"2026-03-08T19:47:24","slug":"xylinos-frachtis-se-rolo-o45-x-30-x-180-ek-roll-border-kipoy","status":"publish","type":"product","link":"https:\/\/eshop.floraplant.gr\/en\/xylinos-frachtis-se-rolo-o45-x-30-x-180-ek-roll-border-kipoy\/","title":{"rendered":"\u039e\u03cd\u03bb\u03b9\u03bd\u03bf\u03c2 \u03a6\u03c1\u03ac\u03c7\u03c4\u03b7\u03c2 \u03c3\u03b5 \u03a1\u03bf\u03bb\u03cc \u00d84,5 \u00d7 30 \u00d7 180 \u03b5\u03ba. \u2013 Roll Border \u039a\u03ae\u03c0\u03bf\u03c5"},"content":{"rendered":"<p><strong>\u039e\u03cd\u03bb\u03b9\u03bd\u03bf\u03c2 \u03c6\u03c1\u03ac\u03c7\u03c4\u03b7\u03c2 \u03c3\u03b5 \u03c1\u03bf\u03bb\u03cc (Roll Border)<\/strong> \u03ba\u03b1\u03c4\u03ac\u03bb\u03bb\u03b7\u03bb\u03bf\u03c2 \u03b3\u03b9\u03b1 \u03c0\u03b1\u03c1\u03c4\u03ad\u03c1\u03b9\u03b1, \u03b4\u03b9\u03b1\u03c7\u03c9\u03c1\u03b9\u03c3\u03bc\u03cc \u03b5\u03c0\u03b9\u03c0\u03ad\u03b4\u03c9\u03bd \u03ba\u03b1\u03b9 \u03ba\u03ac\u03b8\u03b5 \u03b5\u03af\u03b4\u03bf\u03c5\u03c2 \u03b4\u03b9\u03b1\u03bc\u03cc\u03c1\u03c6\u03c9\u03c3\u03b7 \u03c3\u03c4\u03bf\u03bd \u03ba\u03ae\u03c0\u03bf. \u0391\u03c0\u03bf\u03c4\u03b5\u03bb\u03b5\u03af\u03c4\u03b1\u03b9 \u03b1\u03c0\u03cc \u03bc\u03b9\u03c3\u03bf\u03cd\u03c2 \u03ba\u03bf\u03c1\u03bc\u03bf\u03cd\u03c2 \u03b4\u03b9\u03b1\u03bc\u03ad\u03c4\u03c1\u03bf\u03c5 <strong>\u00d84,5 \u03b5\u03ba.<\/strong>, \u03b5\u03bd\u03c9\u03bc\u03ad\u03bd\u03bf\u03c5\u03c2 \u03bc\u03b5 \u03c3\u03cd\u03c1\u03bc\u03b1 \u03b1\u03bd\u03c4\u03bf\u03c7\u03ae\u03c2, \u03bc\u03b5 <strong>\u03b5\u03c0\u03af\u03c0\u03b5\u03b4\u03b1 \u03c6\u03b9\u03bd\u03b9\u03c1\u03b9\u03c3\u03bc\u03ad\u03bd\u03bf<\/strong> \u03b5\u03c0\u03ac\u03bd\u03c9 \u03bc\u03ad\u03c1\u03bf\u03c2 \u03b3\u03b9\u03b1 \u03bf\u03bc\u03bf\u03b9\u03cc\u03bc\u03bf\u03c1\u03c6\u03b7 \u03b1\u03b9\u03c3\u03b8\u03b7\u03c4\u03b9\u03ba\u03ae.<\/p>\n<p>\u039a\u03b1\u03c4\u03b1\u03c3\u03ba\u03b5\u03c5\u03b1\u03c3\u03bc\u03ad\u03bd\u03bf\u03c2 \u03b1\u03c0\u03cc <strong>\u03bc\u03b1\u03c3\u03af\u03c6 \u03a3\u03bf\u03c5\u03b7\u03b4\u03b9\u03ba\u03ae \u03a0\u03b5\u03cd\u03ba\u03b7<\/strong> \u03c5\u03c8\u03b7\u03bb\u03ae\u03c2 \u03c0\u03bf\u03b9\u03cc\u03c4\u03b7\u03c4\u03b1\u03c2, \u03b5\u03bc\u03c0\u03bf\u03c4\u03b9\u03c3\u03bc\u03ad\u03bd\u03b7 \u03c3\u03b5 \u03ba\u03bb\u03af\u03b2\u03b1\u03bd\u03bf \u03c5\u03c0\u03cc \u03c0\u03af\u03b5\u03c3\u03b7 \u03b3\u03b9\u03b1 \u03b1\u03bd\u03c4\u03bf\u03c7\u03ae \u03c3\u03c4\u03b7 \u03c3\u03ae\u03c8\u03b7 \u03ba\u03b1\u03b9 \u03c0\u03c1\u03bf\u03c3\u03c4\u03b1\u03c3\u03af\u03b1 \u03b1\u03c0\u03cc \u03c4\u03bf \u03c0\u03b5\u03c1\u03b9\u03b2\u03ac\u03bb\u03bb\u03bf\u03bd, \u03c7\u03c9\u03c1\u03af\u03c2 \u03bd\u03b1 \u03b1\u03c0\u03b1\u03b9\u03c4\u03b5\u03af\u03c4\u03b1\u03b9 \u03b5\u03c0\u03b9\u03c0\u03bb\u03ad\u03bf\u03bd \u03c3\u03c5\u03bd\u03c4\u03ae\u03c1\u03b7\u03c3\u03b7 \u03ae \u03b2\u03b1\u03c6\u03ae.<\/p>\n<p>\u03a4\u03bf \u03c3\u03c5\u03bd\u03bf\u03bb\u03b9\u03ba\u03cc \u03bc\u03ae\u03ba\u03bf\u03c2 \u03b5\u03af\u03bd\u03b1\u03b9 <strong>180 \u03b5\u03ba.<\/strong>, \u03bc\u03b5 \u03b4\u03c5\u03bd\u03b1\u03c4\u03cc\u03c4\u03b7\u03c4\u03b1 \u03ba\u03bf\u03c0\u03ae\u03c2 \u03b3\u03b9\u03b1 \u03c0\u03c1\u03bf\u03c3\u03b1\u03c1\u03bc\u03bf\u03b3\u03ae \u03c3\u03b5 \u03ba\u03ac\u03b8\u03b5 \u03c3\u03b7\u03bc\u03b5\u03af\u03bf \u03c4\u03bf\u03c5 \u03ba\u03ae\u03c0\u03bf\u03c5.<\/p>\n<p>\u039c\u03b5 \u03cd\u03c8\u03bf\u03c2 <strong>30 \u03b5\u03ba.<\/strong>, \u03b1\u03c0\u03bf\u03c4\u03b5\u03bb\u03b5\u03af \u03b9\u03b4\u03b1\u03bd\u03b9\u03ba\u03ae \u03bb\u03cd\u03c3\u03b7 \u03b3\u03b9\u03b1:<\/p>\n<ul>\n<li>\n<p>\u03c8\u03b7\u03bb\u03cc\u03c4\u03b5\u03c1\u03b1 \u03c0\u03b1\u03c1\u03c4\u03ad\u03c1\u03b9\u03b1<\/p>\n<\/li>\n<li>\n<p>\u03bf\u03c1\u03b9\u03bf\u03b8\u03ad\u03c4\u03b7\u03c3\u03b7 \u03b4\u03b9\u03b1\u03b4\u03c1\u03bf\u03bc\u03ce\u03bd<\/p>\n<\/li>\n<li>\n<p>\u03b4\u03b9\u03b1\u03c7\u03c9\u03c1\u03b9\u03c3\u03bc\u03cc \u03b5\u03c0\u03b9\u03c0\u03ad\u03b4\u03c9\u03bd \u03ba\u03b1\u03b9 \u03bc\u03b9\u03ba\u03c1\u03ce\u03bd \u03b1\u03bd\u03b1\u03b2\u03b1\u03b8\u03bc\u03ce\u03bd<\/p>\n<\/li>\n<li>\n<p>\u03b5\u03bd\u03af\u03c3\u03c7\u03c5\u03c3\u03b7 \u03c4\u03b7\u03c2 \u03c6\u03c5\u03c3\u03b9\u03ba\u03ae\u03c2 \u03b1\u03b9\u03c3\u03b8\u03b7\u03c4\u03b9\u03ba\u03ae\u03c2 \u03c4\u03bf\u03c5 \u03c7\u03ce\u03c1\u03bf\u03c5<\/p>\n<\/li>\n<\/ul>\n<p><strong>Paint:<\/strong> \u0394\u03c5\u03bd\u03b1\u03c4\u03cc\u03c4\u03b7\u03c4\u03b1 \u03b2\u03b1\u03c6\u03ae\u03c2 \u03c3\u03b5 \u03cc\u03bb\u03b5\u03c2 \u03c4\u03b9\u03c2 \u03b1\u03c0\u03bf\u03c7\u03c1\u03ce\u03c3\u03b5\u03b9\u03c2 \u03bc\u03b5 \u03bf\u03b9\u03ba\u03bf\u03bb\u03bf\u03b3\u03b9\u03ba\u03ac \u03b2\u03b5\u03c1\u03bd\u03af\u03ba\u03b9\u03b1 \u03bd\u03b5\u03c1\u03bf\u03cd.<br \/><strong>\u03a3\u03c4\u03ae\u03c1\u03b9\u03be\u03b7:<\/strong> \u03a0\u03c1\u03bf\u03c4\u03b5\u03af\u03bd\u03bf\u03bd\u03c4\u03b1\u03b9 \u03c0\u03ac\u03c3\u03c3\u03b1\u03bb\u03bf\u03b9 \u00d84 \u00d7 60 \u03b5\u03ba. \u03b3\u03b9\u03b1 \u03c3\u03c4\u03b1\u03b8\u03b5\u03c1\u03ae \u03ba\u03b1\u03c4\u03b1\u03ba\u03cc\u03c1\u03c5\u03c6\u03b7 \u03c3\u03c4\u03ae\u03c1\u03b9\u03be\u03b7.<\/p>","protected":false},"excerpt":{"rendered":"<p>\u0386\u03bc\u03b5\u03c3\u03b7 \u03c0\u03b1\u03c1\u03b1\u03bb\u03b1\u03b2\u03ae \/ \u03a0\u03b1\u03c1\u03ac\u03b4\u03bf\u03c3\u03b7 1 \u03ad\u03c9\u03c2 10 \u03b7\u03bc\u03ad\u03c1\u03b5\u03c2<\/p>","protected":false},"featured_media":40167,"template":"","meta":[],"product_brand":[],"product_cat":[1338],"product_tag":[],"class_list":{"0":"post-40165","1":"product","2":"type-product","3":"status-publish","4":"has-post-thumbnail","6":"product_cat-frachtes-kipoy-chamiloi-rol-mpar","8":"first","9":"instock","10":"purchasable","11":"product-type-simple"},"_links":{"self":[{"href":"https:\/\/eshop.floraplant.gr\/en\/wp-json\/wp\/v2\/product\/40165","targetHints":{"allow":["GET"]}}],"collection":[{"href":"https:\/\/eshop.floraplant.gr\/en\/wp-json\/wp\/v2\/product"}],"about":[{"href":"https:\/\/eshop.floraplant.gr\/en\/wp-json\/wp\/v2\/types\/product"}],"wp:featuredmedia":[{"embeddable":true,"href":"https:\/\/eshop.floraplant.gr\/en\/wp-json\/wp\/v2\/media\/40167"}],"wp:attachment":[{"href":"https:\/\/eshop.floraplant.gr\/en\/wp-json\/wp\/v2\/media?parent=40165"}],"wp:term":[{"taxonomy":"product_brand","embeddable":true,"href":"https:\/\/eshop.floraplant.gr\/en\/wp-json\/wp\/v2\/product_brand?post=40165"},{"taxonomy":"product_cat","embeddable":true,"href":"https:\/\/eshop.floraplant.gr\/en\/wp-json\/wp\/v2\/product_cat?post=40165"},{"taxonomy":"product_tag","embeddable":true,"href":"https:\/\/eshop.floraplant.gr\/en\/wp-json\/wp\/v2\/product_tag?post=40165"}],"curies":[{"name":"wp","href":"https:\/\/api.w.org\/{rel}","templated":true}]}}