{"id":40180,"date":"2026-03-08T21:47:05","date_gmt":"2026-03-08T19:47:05","guid":{"rendered":"https:\/\/eshop.floraplant.gr\/rol-mpar-kipoy-o7x20x200-ek\/"},"modified":"2026-03-08T21:47:30","modified_gmt":"2026-03-08T19:47:30","slug":"rol-mpar-kipoy-o7x20x200-ek","status":"publish","type":"product","link":"https:\/\/eshop.floraplant.gr\/en\/rol-mpar-kipoy-o7x20x200-ek\/","title":{"rendered":"\u03a1\u03bf\u03bb \u039c\u03c0\u03b1\u03c1 \u039a\u03ae\u03c0\u03bf\u03c5 \u00d87\u00d720\u00d7200 \u03b5\u03ba."},"content":{"rendered":"<p><strong>\u03a1\u03bf\u03bb \u039c\u03c0\u03b1\u03c1 \u039a\u03ae\u03c0\u03bf\u03c5 \u00d87\u00d720\u00d7200 \u03b5\u03ba. \u2013 \u039e\u03cd\u03bb\u03b9\u03bd\u03bf\u03c2 \u03a6\u03c1\u03ac\u03c7\u03c4\u03b7\u03c2 Roll Border<\/strong><\/p>\n<p>\u03a4\u03bf \u03c1\u03bf\u03bb \u03bc\u03c0\u03b1\u03c1 \u00d87\u00d720\u00d7200 \u03b5\u03ba. \u03b5\u03af\u03bd\u03b1\u03b9 \u03b9\u03b4\u03b1\u03bd\u03b9\u03ba\u03cc \u03b3\u03b9\u03b1 \u03c7\u03b1\u03bc\u03b7\u03bb\u03ac \u03c0\u03b1\u03c1\u03c4\u03ad\u03c1\u03b9\u03b1 \u03ba\u03b1\u03b9 \u03b4\u03b9\u03b1\u03ba\u03c1\u03b9\u03c4\u03b9\u03ba\u03bf\u03cd\u03c2 \u03b4\u03b9\u03b1\u03c7\u03c9\u03c1\u03b9\u03c3\u03bc\u03bf\u03cd\u03c2 \u03ba\u03ae\u03c0\u03bf\u03c5. \u039a\u03b1\u03c4\u03b1\u03c3\u03ba\u03b5\u03c5\u03ac\u03b6\u03b5\u03c4\u03b1\u03b9 \u03b1\u03c0\u03cc \u03bc\u03b9\u03c3\u03bf\u03cd\u03c2 \u03ba\u03bf\u03c1\u03bc\u03bf\u03cd\u03c2 \u00d87 \u03b5\u03ba., \u03b4\u03b5\u03bc\u03ad\u03bd\u03bf\u03c5\u03c2 \u03bc\u03b5 \u03c3\u03cd\u03c1\u03bc\u03b1 \u03b3\u03b9\u03b1 \u03c5\u03c8\u03b7\u03bb\u03ae \u03c3\u03c4\u03b1\u03b8\u03b5\u03c1\u03cc\u03c4\u03b7\u03c4\u03b1 \u03ba\u03b1\u03b9 \u03b5\u03cd\u03ba\u03bf\u03bb\u03b7 \u03c4\u03bf\u03c0\u03bf\u03b8\u03ad\u03c4\u03b7\u03c3\u03b7 \u03c3\u03b5 \u03af\u03c3\u03b9\u03b5\u03c2 \u03ae \u03ba\u03b1\u03bc\u03c0\u03cd\u03bb\u03b5\u03c2 \u03b3\u03c1\u03b1\u03bc\u03bc\u03ad\u03c2. \u0397 \u03bc\u03b1\u03c3\u03af\u03c6 \u03a3\u03bf\u03c5\u03b7\u03b4\u03b9\u03ba\u03ae \u03a0\u03b5\u03cd\u03ba\u03b7 \u03ad\u03c7\u03b5\u03b9 \u03b5\u03bc\u03c0\u03bf\u03c4\u03b9\u03c3\u03c4\u03b5\u03af \u03c3\u03b5 \u03ba\u03bb\u03af\u03b2\u03b1\u03bd\u03bf \u03b3\u03b9\u03b1 \u03bc\u03ad\u03b3\u03b9\u03c3\u03c4\u03b7 \u03b1\u03bd\u03c4\u03bf\u03c7\u03ae \u03c3\u03c4\u03b7 \u03c3\u03ae\u03c8\u03b7 \u03ba\u03b1\u03b9 \u03c4\u03b7 \u03c6\u03b8\u03bf\u03c1\u03ac, \u03c7\u03c9\u03c1\u03af\u03c2 \u03b1\u03bd\u03ac\u03b3\u03ba\u03b7 \u03c3\u03c5\u03bd\u03c4\u03ae\u03c1\u03b7\u03c3\u03b7\u03c2. \u03a4\u03bf \u03b5\u03c0\u03ac\u03bd\u03c9 \u03c1\u03bf\u03c5\u03c4\u03b1\u03c1\u03b9\u03c3\u03bc\u03ad\u03bd\u03bf \u03c4\u03b5\u03bb\u03b5\u03af\u03c9\u03bc\u03b1 \u03c0\u03c1\u03bf\u03c3\u03c6\u03ad\u03c1\u03b5\u03b9 \u03c6\u03c5\u03c3\u03b9\u03ba\u03cc, \u03c0\u03b1\u03c1\u03b1\u03b4\u03bf\u03c3\u03b9\u03b1\u03ba\u03cc \u03b1\u03b9\u03c3\u03b8\u03b7\u03c4\u03b9\u03ba\u03cc \u03b1\u03c0\u03bf\u03c4\u03ad\u03bb\u03b5\u03c3\u03bc\u03b1. \u03a4\u03bf \u03c1\u03bf\u03bb\u03cc \u03ad\u03c7\u03b5\u03b9 \u03bc\u03ae\u03ba\u03bf\u03c2 200 \u03b5\u03ba. \u03ba\u03b1\u03b9 \u03ba\u03cc\u03b2\u03b5\u03c4\u03b1\u03b9 \u03c3\u03c4\u03bf \u03b5\u03c0\u03b9\u03b8\u03c5\u03bc\u03b7\u03c4\u03cc \u03c3\u03b7\u03bc\u03b5\u03af\u03bf, \u03bc\u03b5 \u03b4\u03c5\u03bd\u03b1\u03c4\u03cc\u03c4\u03b7\u03c4\u03b1 \u03b5\u03c0\u03b1\u03bd\u03b1\u03c7\u03c1\u03ae\u03c3\u03b7\u03c2 \u03c4\u03bf\u03c5 \u03c5\u03c0\u03bf\u03bb\u03bf\u03af\u03c0\u03bf\u03c5.<\/p>\n<h3><strong>Features<\/strong><\/h3>\n<ul>\n<li>\n<p>\u0394\u03b9\u03ac\u03bc\u03b5\u03c4\u03c1\u03bf\u03c2 \u03ba\u03bf\u03c1\u03bc\u03ce\u03bd \u00d87 \u03b5\u03ba.<\/p>\n<\/li>\n<li>\n<p>\u038e\u03c8\u03bf\u03c2 20 \u03b5\u03ba.<\/p>\n<\/li>\n<li>\n<p>\u039c\u03ae\u03ba\u03bf\u03c2 200 \u03b5\u03ba.<\/p>\n<\/li>\n<li>\n<p>\u039c\u03b1\u03c3\u03af\u03c6 \u03a3\u03bf\u03c5\u03b7\u03b4\u03b9\u03ba\u03ae \u03a0\u03b5\u03cd\u03ba\u03b7 FSC<\/p>\n<\/li>\n<li>\n<p>\u0395\u03bc\u03c0\u03bf\u03c4\u03b9\u03c3\u03bc\u03cc\u03c2 \u03c3\u03b5 \u03ba\u03bb\u03af\u03b2\u03b1\u03bd\u03bf (pressure treated)<\/p>\n<\/li>\n<li>\n<p>\u03a1\u03bf\u03c5\u03c4\u03b1\u03c1\u03b9\u03c3\u03bc\u03ad\u03bd\u03bf \u03c0\u03ac\u03bd\u03c9 \u03c4\u03b5\u03bb\u03b5\u03af\u03c9\u03bc\u03b1<\/p>\n<\/li>\n<li>\n<p>\u0395\u03cd\u03ba\u03b1\u03bc\u03c0\u03c4\u03bf \u2013 \u03b9\u03b4\u03b1\u03bd\u03b9\u03ba\u03cc \u03b3\u03b9\u03b1 \u03ba\u03b1\u03bc\u03c0\u03cd\u03bb\u03b5\u03c2<\/p>\n<\/li>\n<li>\n<p>\u039c\u03c0\u03bf\u03c1\u03b5\u03af \u03bd\u03b1 \u03b2\u03b1\u03c6\u03c4\u03b5\u03af (\u03bf\u03b9\u03ba\u03bf\u03bb\u03bf\u03b3\u03b9\u03ba\u03ac \u03b2\u03b5\u03c1\u03bd\u03af\u03ba\u03b9\u03b1 \u03bd\u03b5\u03c1\u03bf\u03cd)<\/p>\n<\/li>\n<\/ul>\n<h3><strong>\u0399\u03b4\u03b1\u03bd\u03b9\u03ba\u03cc \u03b3\u03b9\u03b1<\/strong><\/h3>\n<ul>\n<li>\n<p>\u03a7\u03b1\u03bc\u03b7\u03bb\u03ac \u03c0\u03b1\u03c1\u03c4\u03ad\u03c1\u03b9\u03b1<\/p>\n<\/li>\n<li>\n<p>\u0394\u03b9\u03b1\u03ba\u03c1\u03b9\u03c4\u03b9\u03ba\u03ae \u03bf\u03c1\u03b9\u03bf\u03b8\u03ad\u03c4\u03b7\u03c3\u03b7 \u03c7\u03ce\u03c1\u03c9\u03bd<\/p>\n<\/li>\n<li>\n<p>\u03a0\u03b5\u03c1\u03b9\u03bc\u03b5\u03c4\u03c1\u03b9\u03ba\u03ae \u03b4\u03b9\u03b1\u03ba\u03cc\u03c3\u03bc\u03b7\u03c3\u03b7<\/p>\n<\/li>\n<li>\n<p>\u03a3\u03c5\u03b3\u03ba\u03c1\u03ac\u03c4\u03b7\u03c3\u03b7 \u03c7\u03ce\u03bc\u03b1\u03c4\u03bf\u03c2 \u03c3\u03b5 \u03c7\u03b1\u03bc\u03b7\u03bb\u03ac \u03c3\u03b7\u03bc\u03b5\u03af\u03b1<\/p>\n<\/li>\n<\/ul>\n<h3><strong>\u03a3\u03c4\u03ae\u03c1\u03b9\u03be\u03b7<\/strong><\/h3>\n<\/p>\n<p>\u03a0\u03ac\u03c3\u03c3\u03b1\u03bb\u03bf\u03b9 4\u00d740 \u03b5\u03ba. \u03ae \u00d84\u00d760 \u03b5\u03ba.<\/p>","protected":false},"excerpt":{"rendered":"<p>\u0386\u03bc\u03b5\u03c3\u03b7 \u03c0\u03b1\u03c1\u03b1\u03bb\u03b1\u03b2\u03ae \/ \u03a0\u03b1\u03c1\u03ac\u03b4\u03bf\u03c3\u03b7 1 \u03ad\u03c9\u03c2 10 \u03b7\u03bc\u03ad\u03c1\u03b5\u03c2<\/p>","protected":false},"featured_media":40182,"template":"","meta":[],"product_brand":[],"product_cat":[1338],"product_tag":[],"class_list":{"0":"post-40180","1":"product","2":"type-product","3":"status-publish","4":"has-post-thumbnail","6":"product_cat-frachtes-kipoy-chamiloi-rol-mpar","8":"first","9":"instock","10":"purchasable","11":"product-type-simple"},"_links":{"self":[{"href":"https:\/\/eshop.floraplant.gr\/en\/wp-json\/wp\/v2\/product\/40180","targetHints":{"allow":["GET"]}}],"collection":[{"href":"https:\/\/eshop.floraplant.gr\/en\/wp-json\/wp\/v2\/product"}],"about":[{"href":"https:\/\/eshop.floraplant.gr\/en\/wp-json\/wp\/v2\/types\/product"}],"wp:featuredmedia":[{"embeddable":true,"href":"https:\/\/eshop.floraplant.gr\/en\/wp-json\/wp\/v2\/media\/40182"}],"wp:attachment":[{"href":"https:\/\/eshop.floraplant.gr\/en\/wp-json\/wp\/v2\/media?parent=40180"}],"wp:term":[{"taxonomy":"product_brand","embeddable":true,"href":"https:\/\/eshop.floraplant.gr\/en\/wp-json\/wp\/v2\/product_brand?post=40180"},{"taxonomy":"product_cat","embeddable":true,"href":"https:\/\/eshop.floraplant.gr\/en\/wp-json\/wp\/v2\/product_cat?post=40180"},{"taxonomy":"product_tag","embeddable":true,"href":"https:\/\/eshop.floraplant.gr\/en\/wp-json\/wp\/v2\/product_tag?post=40180"}],"curies":[{"name":"wp","href":"https:\/\/api.w.org\/{rel}","templated":true}]}}