{"id":40186,"date":"2026-03-08T21:47:32","date_gmt":"2026-03-08T19:47:32","guid":{"rendered":"https:\/\/eshop.floraplant.gr\/rol-mpar-kipoy-o7x40x200-ek\/"},"modified":"2026-03-08T21:47:34","modified_gmt":"2026-03-08T19:47:34","slug":"rol-mpar-kipoy-o7x40x200-ek","status":"publish","type":"product","link":"https:\/\/eshop.floraplant.gr\/en\/rol-mpar-kipoy-o7x40x200-ek\/","title":{"rendered":"\u03a1\u03bf\u03bb \u039c\u03c0\u03b1\u03c1 \u039a\u03ae\u03c0\u03bf\u03c5 \u00d87\u00d740\u00d7200 \u03b5\u03ba."},"content":{"rendered":"<p>\u03a4\u03bf Garden Roll Border \u00d87\u00d740\u00d7200 cm \u03b5\u03af\u03bd\u03b1\u03b9 \u03b7 \u03b9\u03b4\u03b1\u03bd\u03b9\u03ba\u03ae \u03bb\u03cd\u03c3\u03b7 \u03b3\u03b9\u03b1 \u03ba\u03bf\u03bc\u03c8\u03cc \u03ba\u03b1\u03b9 \u03b4\u03b9\u03b1\u03ba\u03c1\u03b9\u03c4\u03b9\u03ba\u03cc \u03b4\u03b9\u03b1\u03c7\u03c9\u03c1\u03b9\u03c3\u03bc\u03cc \u03c0\u03b1\u03c1\u03c4\u03b5\u03c1\u03b9\u03ce\u03bd \u03ba\u03b1\u03b9 \u03c7\u03bb\u03bf\u03bf\u03c4\u03ac\u03c0\u03b7\u03c4\u03b1. \u039a\u03b1\u03c4\u03b1\u03c3\u03ba\u03b5\u03c5\u03ac\u03b6\u03b5\u03c4\u03b1\u03b9 \u03b1\u03c0\u03cc \u03bc\u03b9\u03c3\u03ac \u03ba\u03bf\u03c1\u03bc\u03bf\u03c4\u03b5\u03bc\u03ac\u03c7\u03b9\u03b1 \u00d87 cm \u03b4\u03b5\u03bc\u03ad\u03bd\u03b1 \u03bc\u03b5 \u03c3\u03cd\u03c1\u03bc\u03b1, \u03ce\u03c3\u03c4\u03b5 \u03bd\u03b1 \u03c0\u03c1\u03bf\u03c3\u03b1\u03c1\u03bc\u03cc\u03b6\u03b5\u03c4\u03b1\u03b9 \u03b5\u03cd\u03ba\u03bf\u03bb\u03b1 \u03c4\u03cc\u03c3\u03bf \u03c3\u03b5 \u03b5\u03c5\u03b8\u03b5\u03af\u03b5\u03c2 \u03cc\u03c3\u03bf \u03ba\u03b1\u03b9 \u03c3\u03b5 \u03ba\u03b1\u03bc\u03c0\u03cd\u03bb\u03b5\u03c2 \u03b3\u03c1\u03b1\u03bc\u03bc\u03ad\u03c2.<br \/>\u03a4\u03bf \u03bc\u03b1\u03c3\u03af\u03c6 \u03c3\u03bf\u03c5\u03b7\u03b4\u03b9\u03ba\u03cc \u03c0\u03b5\u03cd\u03ba\u03bf FSC \u03ad\u03c7\u03b5\u03b9 \u03c5\u03c0\u03bf\u03c3\u03c4\u03b5\u03af \u03c0\u03af\u03b5\u03c3\u03b7 \u03ba\u03b1\u03b9 \u03b8\u03b5\u03c1\u03bc\u03b9\u03ba\u03ae \u03b5\u03c0\u03b5\u03be\u03b5\u03c1\u03b3\u03b1\u03c3\u03af\u03b1 (kiln pressure-treated) \u03b3\u03b9\u03b1 \u03b1\u03bd\u03ce\u03c4\u03b5\u03c1\u03b7 \u03b1\u03bd\u03c4\u03bf\u03c7\u03ae \u03c3\u03c4\u03b7\u03bd \u03c5\u03b3\u03c1\u03b1\u03c3\u03af\u03b1, \u03c4\u03b7 \u03c3\u03ae\u03c8\u03b7 \u03ba\u03b1\u03b9 \u03c4\u03b9\u03c2 \u03ba\u03b1\u03b9\u03c1\u03b9\u03ba\u03ad\u03c2 \u03c3\u03c5\u03bd\u03b8\u03ae\u03ba\u03b5\u03c2\u2014\u03c7\u03c9\u03c1\u03af\u03c2 \u03b1\u03bd\u03ac\u03b3\u03ba\u03b7 \u03c3\u03c5\u03bd\u03c4\u03ae\u03c1\u03b7\u03c3\u03b7\u03c2. \u0397 \u03ba\u03b1\u03c4\u03b5\u03c1\u03b3\u03b1\u03c3\u03bc\u03ad\u03bd\u03b7 \u03ac\u03bd\u03c9 \u03b1\u03ba\u03bc\u03ae \u03c4\u03bf\u03c5 \u03c0\u03c1\u03bf\u03c3\u03c6\u03ad\u03c1\u03b5\u03b9 \u03c6\u03c5\u03c3\u03b9\u03ba\u03ae, \u03c0\u03b1\u03c1\u03b1\u03b4\u03bf\u03c3\u03b9\u03b1\u03ba\u03ae \u03b1\u03b9\u03c3\u03b8\u03b7\u03c4\u03b9\u03ba\u03ae, \u03b5\u03bd\u03ce \u03c4\u03bf \u03c1\u03bf\u03bb\u03cc \u03bc\u03ae\u03ba\u03bf\u03c5\u03c2 200 cm \u03bc\u03c0\u03bf\u03c1\u03b5\u03af \u03bd\u03b1 \u03ba\u03bf\u03c0\u03b5\u03af \u03ae \u03bd\u03b1 \u03b5\u03c0\u03b1\u03bd\u03b1\u03c7\u03c1\u03b7\u03c3\u03b9\u03bc\u03bf\u03c0\u03bf\u03b9\u03b7\u03b8\u03b5\u03af \u03b1\u03bd\u03ac\u03bb\u03bf\u03b3\u03b1 \u03bc\u03b5 \u03c4\u03b7\u03bd \u03b5\u03c6\u03b1\u03c1\u03bc\u03bf\u03b3\u03ae.<\/p>\n<h2><strong>Features<\/strong><\/h2>\n<ul>\n<li>\n<p>\u039c\u03b9\u03c3\u03ac \u03ba\u03bf\u03c1\u03bc\u03bf\u03c4\u03b5\u03bc\u03ac\u03c7\u03b9\u03b1 \u00d87 cm<\/p>\n<\/li>\n<li>\n<p>\u038e\u03c8\u03bf\u03c2: 40 cm<\/p>\n<\/li>\n<li>\n<p>\u039c\u03ae\u03ba\u03bf\u03c2: 200 cm<\/p>\n<\/li>\n<li>\n<p>\u039c\u03b1\u03c3\u03af\u03c6 \u03c0\u03b9\u03c3\u03c4\u03bf\u03c0\u03bf\u03b9\u03b7\u03bc\u03ad\u03bd\u03bf \u03c3\u03bf\u03c5\u03b7\u03b4\u03b9\u03ba\u03cc \u03c0\u03b5\u03cd\u03ba\u03bf FSC<\/p>\n<\/li>\n<li>\n<p>\u0395\u03bc\u03c0\u03bf\u03c4\u03b9\u03c3\u03bc\u03cc\u03c2 \u03c5\u03c8\u03b7\u03bb\u03ae\u03c2 \u03c0\u03af\u03b5\u03c3\u03b7\u03c2 \u03b3\u03b9\u03b1 \u03b1\u03bd\u03c4\u03bf\u03c7\u03ae<\/p>\n<\/li>\n<li>\n<p>\u039a\u03b1\u03c4\u03b5\u03c1\u03b3\u03b1\u03c3\u03bc\u03ad\u03bd\u03b7 (routed) \u03ac\u03bd\u03c9 \u03b1\u03ba\u03bc\u03ae<\/p>\n<\/li>\n<li>\n<p>\u0395\u03cd\u03ba\u03b1\u03bc\u03c0\u03c4\u03b7 \u03ba\u03b1\u03c4\u03b1\u03c3\u03ba\u03b5\u03c5\u03ae \u03b3\u03b9\u03b1 \u03b5\u03c5\u03b8\u03b5\u03af\u03b5\u03c2 \u03ba\u03b1\u03b9 \u03ba\u03b1\u03bc\u03c0\u03cd\u03bb\u03b5\u03c2 \u03b4\u03b9\u03b1\u03bc\u03bf\u03c1\u03c6\u03ce\u03c3\u03b5\u03b9\u03c2<\/p>\n<\/li>\n<li>\n<p>\u0394\u03c5\u03bd\u03b1\u03c4\u03cc\u03c4\u03b7\u03c4\u03b1 \u03b2\u03b1\u03c6\u03ae\u03c2 \u03bc\u03b5 \u03c5\u03b4\u03b1\u03c4\u03bf\u03b4\u03b9\u03b1\u03bb\u03c5\u03c4\u03ac \u03c7\u03c1\u03ce\u03bc\u03b1\u03c4\u03b1<\/p>\n<\/li>\n<\/ul>\n<h2>  <strong>\u0399\u03b4\u03b1\u03bd\u03b9\u03ba\u03cc \u0393\u03b9\u03b1<\/strong><\/h2>\n<\/p>\n<ul>\n<li>\n<p>\u03a7\u03b1\u03bc\u03b7\u03bb\u03ac \u03c0\u03b1\u03c1\u03c4\u03ad\u03c1\u03b9\u03b1<\/p>\n<\/li>\n<li>\n<p>\u0394\u03b9\u03b1\u03ba\u03c1\u03b9\u03c4\u03b9\u03ba\u03cc \u03b4\u03b9\u03b1\u03c7\u03c9\u03c1\u03b9\u03c3\u03bc\u03cc \u03ba\u03b1\u03b9 \u03bf\u03c1\u03b9\u03bf\u03b8\u03ad\u03c4\u03b7\u03c3\u03b7<\/p>\n<\/li>\n<li>\n<p>\u0394\u03b9\u03b1\u03ba\u03bf\u03c3\u03bc\u03b7\u03c4\u03b9\u03ba\u03ad\u03c2 \u03b3\u03c1\u03b1\u03bc\u03bc\u03ad\u03c2 \u03c3\u03c4\u03bf\u03bd \u03ba\u03ae\u03c0\u03bf<\/p>\n<\/li>\n<li>\n<p>\u0395\u03bb\u03b1\u03c6\u03c1\u03ac \u03c3\u03c5\u03b3\u03ba\u03c1\u03ac\u03c4\u03b7\u03c3\u03b7 \u03c7\u03ce\u03bc\u03b1\u03c4\u03bf\u03c2<\/p>\n<\/li>\n<\/ul>","protected":false},"excerpt":{"rendered":"<p>\u039c\u03b7 \u03b4\u03b9\u03b1\u03b8\u03ad\u03c3\u03b9\u03bc\u03bf<\/p>","protected":false},"featured_media":40188,"template":"","meta":[],"product_brand":[],"product_cat":[1338],"product_tag":[],"class_list":{"0":"post-40186","1":"product","2":"type-product","3":"status-publish","4":"has-post-thumbnail","6":"product_cat-frachtes-kipoy-chamiloi-rol-mpar","8":"first","9":"instock","10":"purchasable","11":"product-type-simple"},"_links":{"self":[{"href":"https:\/\/eshop.floraplant.gr\/en\/wp-json\/wp\/v2\/product\/40186","targetHints":{"allow":["GET"]}}],"collection":[{"href":"https:\/\/eshop.floraplant.gr\/en\/wp-json\/wp\/v2\/product"}],"about":[{"href":"https:\/\/eshop.floraplant.gr\/en\/wp-json\/wp\/v2\/types\/product"}],"wp:featuredmedia":[{"embeddable":true,"href":"https:\/\/eshop.floraplant.gr\/en\/wp-json\/wp\/v2\/media\/40188"}],"wp:attachment":[{"href":"https:\/\/eshop.floraplant.gr\/en\/wp-json\/wp\/v2\/media?parent=40186"}],"wp:term":[{"taxonomy":"product_brand","embeddable":true,"href":"https:\/\/eshop.floraplant.gr\/en\/wp-json\/wp\/v2\/product_brand?post=40186"},{"taxonomy":"product_cat","embeddable":true,"href":"https:\/\/eshop.floraplant.gr\/en\/wp-json\/wp\/v2\/product_cat?post=40186"},{"taxonomy":"product_tag","embeddable":true,"href":"https:\/\/eshop.floraplant.gr\/en\/wp-json\/wp\/v2\/product_tag?post=40186"}],"curies":[{"name":"wp","href":"https:\/\/api.w.org\/{rel}","templated":true}]}}